{"id":6117,"date":"2025-06-11T18:34:16","date_gmt":"2025-06-11T18:34:16","guid":{"rendered":"https:\/\/bestprestamos.com\/blog\/?page_id=6117"},"modified":"2025-06-11T18:34:16","modified_gmt":"2025-06-11T18:34:16","slug":"cookies","status":"publish","type":"page","link":"https:\/\/bestprestamos.com\/blog\/cookies\/","title":{"rendered":"Cookies"},"content":{"rendered":"<p>Los archivos Cookies son archivos con informaci\u00f3n que se transmiten al Sitio y que quedan guardados en el dispositivo del usuario. Las cookies no permiten identificar al usuario y, en consecuencia, no hay otros archivos disponibles en el dispositivo de \u00e9ste. Las Cookies podr\u00e1n incluir el nombre del sitio, fecha, hora, etc. Se le adjudicar\u00e1 un n\u00famero \u00fanico por el cual el usuario lo reconocer\u00e1.<\/p>\n<p>Las Cookies guardadas permiten reconocer el ordenador del cliente, a tal efecto que, al visitar de nuevo el Sitio o una secci\u00f3n de \u00e9ste, el cliente no necesita introducir sus datos nuevamente. Las Cookies mejoran la experiencia del usuario en el sitio y se usan para ayudar a desarrollar el sitio y hacerlo m\u00e1s c\u00f3moda para ayudar a determinar y entender lo que esperan los usuarios, as\u00ed como para mostrar ciertos avisos publicitarios en diferentes webs al auditorio espec\u00edfico correspondiente a las visitas anteriores del sitio.<\/p>\n<p>El usuario del servicio podr\u00e1 hacer cambios en cualquier momento en las configuraciones relativas a las Cookies. Estas configuraciones se podr\u00e1n sustituir y encender\/bloquear el procesamiento autom\u00e1tico de las Cookies.<\/p>\n<p>M\u00e1s informaci\u00f3n sobre las Cookies:<\/p>\n<ul>\n<li>Las Cookies se almacenan en su navegador. Estos archivos son almacenados temporalmente en el dispositivo. Al transcurrir cierto tiempo, el dispositivo los borrar\u00e1 autom\u00e1ticamente.<\/li>\n<li>Las Cookies se almacenan en su navegador. Estos archivos son almacenados temporalmente en el dispositivo hasta cuando el usuario los elimine manualmente.<\/li>\n<li>Los analistas de Cookies y los archivos publicitarios de los servidores de anuncios, sus compa\u00f1\u00edas y proveedores de servicios, se adaptar\u00e1n al usuario, sus preferencias y h\u00e1bitos. Estos archivos permiten estimar la eficacia de la publicidad; por ejemplo, permite conocer cu\u00e1nta gente ha hecho un clic en la publicidad correspondiente y ha visitado la web del publicante. Estos archivos Cookies recopilan la informaci\u00f3n y la env\u00edan a terceros. Por ejemplo, a Google Ads o Google Analytics que guardan los archivos Cookies durante 26 meses y luego los eliminan autom\u00e1ticamente. Para obtener m\u00e1s informaci\u00f3n, visite webs de terceros para saber m\u00e1s sobre el uso de los archivos Cookies.<\/li>\n<\/ul>\n<p>La informaci\u00f3n de c\u00f3mo los visitantes podr\u00e1n negarse a aceptar los archivos Cookies usados por Google, las\u00a0<a href=\"https:\/\/adssettings.google.com\/u\/0\/authenticated?hl=es\" target=\"_blank\" rel=\"noopener\">preferencias publicitarias<\/a>\u00a0de Google o la exclusi\u00f3n de los proveedores de servicios de terceros que utilizan archivos Cookies, p\u00e1gina de rechazo a\u00a0<a href=\"http:\/\/optout.networkadvertising.org\/?c=1#!\/\" target=\"_blank\" rel=\"noopener\">la red de publicidad iniciativa<\/a>.<\/p>\n<p>Podr\u00e1 aceptar o rechazar f\u00e1cilmente los archivos Cookies en este Sitio haciendo clic en:\u00a0<a>acepto<\/a>\u00a0\/\u00a0<a href=\"https:\/\/www.aboutcookies.org\/\" target=\"_blank\" rel=\"nofollow noopener\">no acepto<\/a>\u00a0el uso de archivos Cookies.<\/p>\n<p><strong>Tenga en cuenta que las Cookies utilizadas no pueden da\u00f1ar su dispositivo. Para la mejor experiencia de usuario y la actividad completa del sitio, recomendamos guardar Cookies, en cuyo caso es posible utilizar completamente el contenido disponible y las funciones personalizadas del sitio.<\/strong><\/p>\n","protected":false},"excerpt":{"rendered":"<p>Los archivos Cookies son archivos con informaci\u00f3n que se transmiten al Sitio y que quedan guardados en el dispositivo del usuario. Las cookies no permiten&#8230;<\/p>\n","protected":false},"author":1,"featured_media":6240,"parent":0,"menu_order":0,"comment_status":"closed","ping_status":"closed","template":"","meta":{"footnotes":""},"class_list":["post-6117","page","type-page","status-publish","has-post-thumbnail"],"yoast_head":"<!-- This site is optimized with the Yoast SEO Premium plugin v25.5 (Yoast SEO v25.3) - https:\/\/yoast.com\/wordpress\/plugins\/seo\/ -->\n<title>Cookies - Mejores Prestamos En Linea Mexico Blog<\/title>\n<meta name=\"robots\" content=\"index, follow, max-snippet:-1, max-image-preview:large, max-video-preview:-1\" \/>\n<link rel=\"canonical\" href=\"https:\/\/bestprestamos.com\/blog\/cookies\/\" \/>\n<meta property=\"og:locale\" content=\"en_US\" \/>\n<meta property=\"og:type\" content=\"article\" \/>\n<meta property=\"og:title\" content=\"Cookies - Mejores Prestamos En Linea Mexico Blog\" \/>\n<meta property=\"og:description\" content=\"Los archivos Cookies son archivos con informaci\u00f3n que se transmiten al Sitio y que quedan guardados en el dispositivo del usuario. Las cookies no permiten...\" \/>\n<meta property=\"og:url\" content=\"https:\/\/bestprestamos.com\/blog\/cookies\/\" \/>\n<meta property=\"og:site_name\" content=\"Mejores Prestamos En Linea Mexico Blog\" \/>\n<meta name=\"twitter:card\" content=\"summary_large_image\" \/>\n<meta name=\"twitter:label1\" content=\"Est. reading time\" \/>\n\t<meta name=\"twitter:data1\" content=\"2 minutes\" \/>\n<script type=\"application\/ld+json\" class=\"yoast-schema-graph\">{\"@context\":\"https:\/\/schema.org\",\"@graph\":[{\"@type\":\"WebPage\",\"@id\":\"https:\/\/bestprestamos.com\/blog\/cookies\/\",\"url\":\"https:\/\/bestprestamos.com\/blog\/cookies\/\",\"name\":\"Cookies - Mejores Prestamos En Linea Mexico Blog\",\"isPartOf\":{\"@id\":\"https:\/\/bestprestamos.com\/blog\/#website\"},\"primaryImageOfPage\":{\"@id\":\"https:\/\/bestprestamos.com\/blog\/cookies\/#primaryimage\"},\"image\":{\"@id\":\"https:\/\/bestprestamos.com\/blog\/cookies\/#primaryimage\"},\"thumbnailUrl\":\"https:\/\/bestprestamos.com\/blog\/wp-content\/uploads\/2025\/06\/bestprestamos.jpg\",\"datePublished\":\"2025-06-11T18:34:16+00:00\",\"breadcrumb\":{\"@id\":\"https:\/\/bestprestamos.com\/blog\/cookies\/#breadcrumb\"},\"inLanguage\":\"en-US\",\"potentialAction\":[{\"@type\":\"ReadAction\",\"target\":[\"https:\/\/bestprestamos.com\/blog\/cookies\/\"]}]},{\"@type\":\"ImageObject\",\"inLanguage\":\"en-US\",\"@id\":\"https:\/\/bestprestamos.com\/blog\/cookies\/#primaryimage\",\"url\":\"https:\/\/bestprestamos.com\/blog\/wp-content\/uploads\/2025\/06\/bestprestamos.jpg\",\"contentUrl\":\"https:\/\/bestprestamos.com\/blog\/wp-content\/uploads\/2025\/06\/bestprestamos.jpg\",\"width\":1920,\"height\":1180},{\"@type\":\"BreadcrumbList\",\"@id\":\"https:\/\/bestprestamos.com\/blog\/cookies\/#breadcrumb\",\"itemListElement\":[{\"@type\":\"ListItem\",\"position\":1,\"name\":\"Home\",\"item\":\"https:\/\/bestprestamos.com\/blog\/\"},{\"@type\":\"ListItem\",\"position\":2,\"name\":\"Cookies\"}]},{\"@type\":\"WebSite\",\"@id\":\"https:\/\/bestprestamos.com\/blog\/#website\",\"url\":\"https:\/\/bestprestamos.com\/blog\/\",\"name\":\"Mejores Prestamos En Linea Mexico Blog\",\"description\":\"\",\"publisher\":{\"@id\":\"https:\/\/bestprestamos.com\/blog\/#organization\"},\"potentialAction\":[{\"@type\":\"SearchAction\",\"target\":{\"@type\":\"EntryPoint\",\"urlTemplate\":\"https:\/\/bestprestamos.com\/blog\/?s={search_term_string}\"},\"query-input\":{\"@type\":\"PropertyValueSpecification\",\"valueRequired\":true,\"valueName\":\"search_term_string\"}}],\"inLanguage\":\"en-US\"},{\"@type\":[\"Organization\",\"Place\"],\"@id\":\"https:\/\/bestprestamos.com\/blog\/#organization\",\"name\":\"Best Pr\u00e9stamos\",\"url\":\"https:\/\/bestprestamos.com\/blog\/\",\"logo\":{\"@id\":\"https:\/\/bestprestamos.com\/blog\/cookies\/#local-main-organization-logo\"},\"image\":{\"@id\":\"https:\/\/bestprestamos.com\/blog\/cookies\/#local-main-organization-logo\"},\"openingHoursSpecification\":[{\"@type\":\"OpeningHoursSpecification\",\"dayOfWeek\":[\"Monday\",\"Tuesday\",\"Wednesday\",\"Thursday\",\"Friday\",\"Saturday\",\"Sunday\"],\"opens\":\"09:00\",\"closes\":\"17:00\"}]},{\"@type\":\"ImageObject\",\"inLanguage\":\"en-US\",\"@id\":\"https:\/\/bestprestamos.com\/blog\/cookies\/#local-main-organization-logo\",\"url\":\"https:\/\/bestprestamos.com\/blog\/wp-content\/uploads\/2022\/06\/logo-bestprestamos.jpg\",\"contentUrl\":\"https:\/\/bestprestamos.com\/blog\/wp-content\/uploads\/2022\/06\/logo-bestprestamos.jpg\",\"width\":900,\"height\":800,\"caption\":\"Best Pr\u00e9stamos\"}]}<\/script>\n<!-- \/ Yoast SEO Premium plugin. -->","yoast_head_json":{"title":"Cookies - Mejores Prestamos En Linea Mexico Blog","robots":{"index":"index","follow":"follow","max-snippet":"max-snippet:-1","max-image-preview":"max-image-preview:large","max-video-preview":"max-video-preview:-1"},"canonical":"https:\/\/bestprestamos.com\/blog\/cookies\/","og_locale":"en_US","og_type":"article","og_title":"Cookies - Mejores Prestamos En Linea Mexico Blog","og_description":"Los archivos Cookies son archivos con informaci\u00f3n que se transmiten al Sitio y que quedan guardados en el dispositivo del usuario. Las cookies no permiten...","og_url":"https:\/\/bestprestamos.com\/blog\/cookies\/","og_site_name":"Mejores Prestamos En Linea Mexico Blog","twitter_card":"summary_large_image","twitter_misc":{"Est. reading time":"2 minutes"},"schema":{"@context":"https:\/\/schema.org","@graph":[{"@type":"WebPage","@id":"https:\/\/bestprestamos.com\/blog\/cookies\/","url":"https:\/\/bestprestamos.com\/blog\/cookies\/","name":"Cookies - Mejores Prestamos En Linea Mexico Blog","isPartOf":{"@id":"https:\/\/bestprestamos.com\/blog\/#website"},"primaryImageOfPage":{"@id":"https:\/\/bestprestamos.com\/blog\/cookies\/#primaryimage"},"image":{"@id":"https:\/\/bestprestamos.com\/blog\/cookies\/#primaryimage"},"thumbnailUrl":"https:\/\/bestprestamos.com\/blog\/wp-content\/uploads\/2025\/06\/bestprestamos.jpg","datePublished":"2025-06-11T18:34:16+00:00","breadcrumb":{"@id":"https:\/\/bestprestamos.com\/blog\/cookies\/#breadcrumb"},"inLanguage":"en-US","potentialAction":[{"@type":"ReadAction","target":["https:\/\/bestprestamos.com\/blog\/cookies\/"]}]},{"@type":"ImageObject","inLanguage":"en-US","@id":"https:\/\/bestprestamos.com\/blog\/cookies\/#primaryimage","url":"https:\/\/bestprestamos.com\/blog\/wp-content\/uploads\/2025\/06\/bestprestamos.jpg","contentUrl":"https:\/\/bestprestamos.com\/blog\/wp-content\/uploads\/2025\/06\/bestprestamos.jpg","width":1920,"height":1180},{"@type":"BreadcrumbList","@id":"https:\/\/bestprestamos.com\/blog\/cookies\/#breadcrumb","itemListElement":[{"@type":"ListItem","position":1,"name":"Home","item":"https:\/\/bestprestamos.com\/blog\/"},{"@type":"ListItem","position":2,"name":"Cookies"}]},{"@type":"WebSite","@id":"https:\/\/bestprestamos.com\/blog\/#website","url":"https:\/\/bestprestamos.com\/blog\/","name":"Mejores Prestamos En Linea Mexico Blog","description":"","publisher":{"@id":"https:\/\/bestprestamos.com\/blog\/#organization"},"potentialAction":[{"@type":"SearchAction","target":{"@type":"EntryPoint","urlTemplate":"https:\/\/bestprestamos.com\/blog\/?s={search_term_string}"},"query-input":{"@type":"PropertyValueSpecification","valueRequired":true,"valueName":"search_term_string"}}],"inLanguage":"en-US"},{"@type":["Organization","Place"],"@id":"https:\/\/bestprestamos.com\/blog\/#organization","name":"Best Pr\u00e9stamos","url":"https:\/\/bestprestamos.com\/blog\/","logo":{"@id":"https:\/\/bestprestamos.com\/blog\/cookies\/#local-main-organization-logo"},"image":{"@id":"https:\/\/bestprestamos.com\/blog\/cookies\/#local-main-organization-logo"},"openingHoursSpecification":[{"@type":"OpeningHoursSpecification","dayOfWeek":["Monday","Tuesday","Wednesday","Thursday","Friday","Saturday","Sunday"],"opens":"09:00","closes":"17:00"}]},{"@type":"ImageObject","inLanguage":"en-US","@id":"https:\/\/bestprestamos.com\/blog\/cookies\/#local-main-organization-logo","url":"https:\/\/bestprestamos.com\/blog\/wp-content\/uploads\/2022\/06\/logo-bestprestamos.jpg","contentUrl":"https:\/\/bestprestamos.com\/blog\/wp-content\/uploads\/2022\/06\/logo-bestprestamos.jpg","width":900,"height":800,"caption":"Best Pr\u00e9stamos"}]}},"_links":{"self":[{"href":"https:\/\/bestprestamos.com\/blog\/wp-json\/wp\/v2\/pages\/6117","targetHints":{"allow":["GET"]}}],"collection":[{"href":"https:\/\/bestprestamos.com\/blog\/wp-json\/wp\/v2\/pages"}],"about":[{"href":"https:\/\/bestprestamos.com\/blog\/wp-json\/wp\/v2\/types\/page"}],"author":[{"embeddable":true,"href":"https:\/\/bestprestamos.com\/blog\/wp-json\/wp\/v2\/users\/1"}],"replies":[{"embeddable":true,"href":"https:\/\/bestprestamos.com\/blog\/wp-json\/wp\/v2\/comments?post=6117"}],"version-history":[{"count":1,"href":"https:\/\/bestprestamos.com\/blog\/wp-json\/wp\/v2\/pages\/6117\/revisions"}],"predecessor-version":[{"id":6118,"href":"https:\/\/bestprestamos.com\/blog\/wp-json\/wp\/v2\/pages\/6117\/revisions\/6118"}],"wp:featuredmedia":[{"embeddable":true,"href":"https:\/\/bestprestamos.com\/blog\/wp-json\/wp\/v2\/media\/6240"}],"wp:attachment":[{"href":"https:\/\/bestprestamos.com\/blog\/wp-json\/wp\/v2\/media?parent=6117"}],"curies":[{"name":"wp","href":"https:\/\/api.w.org\/{rel}","templated":true}]}}