{"id":6115,"date":"2025-06-11T22:04:21","date_gmt":"2025-06-11T22:04:21","guid":{"rendered":"https:\/\/bestprestamos.com\/blog\/?page_id=6115"},"modified":"2025-06-11T22:04:21","modified_gmt":"2025-06-11T22:04:21","slug":"proteccion-de-datos","status":"publish","type":"page","link":"https:\/\/bestprestamos.com\/blog\/proteccion-de-datos\/","title":{"rendered":"Protecci\u00f3n de datos"},"content":{"rendered":"<p>El sitio\u00a0<a href=\"https:\/\/bestprestamos.com\/\"><strong>bestprestamos.com<\/strong><\/a> (en lo sucesivo, &#8220;el Sitio&#8221;).<\/p>\n<p>El visitante es la persona f\u00edsica que visita el Sitio (<strong><a href=\"https:\/\/bestprestamos.com\/\">bestprestamos.com<\/a><\/strong>) en Internet. Tanto su confidencialidad como su seguridad es muy importante para nosotros. Cualquier informaci\u00f3n obtenida del visitante no ser\u00e1 divulgada y se considera confidencial, por lo que no ser\u00e1 vendida ni usada de otra manera que perjudique al visitante.<\/p>\n<p>Al introducir datos, los visitantes del Sitio podr\u00e1n, sin limitaci\u00f3n alguna, visitar secciones del Sitio y familiarizarse con los materiales de informaci\u00f3n. Al visitar el Sitio, la informaci\u00f3n sobre la direcci\u00f3n IP, la fecha y la hora del visitante se utilizar\u00e1n para analizar las tendencias de los Usuarios para uso interno. Al visitar el Sitio, el usuario acepta las condiciones de las Cookies, protecci\u00f3n de datos y uso y correo electr\u00f3nico. Se acepta que el visitante ha le\u00eddo y aceptado estos t\u00e9rminos.<\/p>\n<p>Deje de usar el Sitio si tiene reclamos contra sus normas y no acepta su contenido o enlace (s) a los derechos de autor.<\/p>\n<p>Cualquier informaci\u00f3n obtenida del visitante no ser\u00e1 divulgada y se considera confidencial, por lo que no ser\u00e1 vendida ni usada de otra manera que perjudique a los visitantes.<\/p>\n","protected":false},"excerpt":{"rendered":"<p>El sitio\u00a0bestprestamos.com (en lo sucesivo, &#8220;el Sitio&#8221;). El visitante es la persona f\u00edsica que visita el Sitio (bestprestamos.com) en Internet. Tanto su confidencialidad como su&#8230;<\/p>\n","protected":false},"author":1,"featured_media":6240,"parent":0,"menu_order":0,"comment_status":"closed","ping_status":"closed","template":"","meta":{"footnotes":""},"class_list":["post-6115","page","type-page","status-publish","has-post-thumbnail"],"yoast_head":"<!-- This site is optimized with the Yoast SEO Premium plugin v25.5 (Yoast SEO v25.3) - https:\/\/yoast.com\/wordpress\/plugins\/seo\/ -->\n<title>Protecci\u00f3n de datos - Mejores Prestamos En Linea Mexico Blog<\/title>\n<meta name=\"robots\" content=\"index, follow, max-snippet:-1, max-image-preview:large, max-video-preview:-1\" \/>\n<link rel=\"canonical\" href=\"https:\/\/bestprestamos.com\/blog\/proteccion-de-datos\/\" \/>\n<meta property=\"og:locale\" content=\"en_US\" \/>\n<meta property=\"og:type\" content=\"article\" \/>\n<meta property=\"og:title\" content=\"Protecci\u00f3n de datos - Mejores Prestamos En Linea Mexico Blog\" \/>\n<meta property=\"og:description\" content=\"El sitio\u00a0bestprestamos.com (en lo sucesivo, &#8220;el Sitio&#8221;). El visitante es la persona f\u00edsica que visita el Sitio (bestprestamos.com) en Internet. Tanto su confidencialidad como su...\" \/>\n<meta property=\"og:url\" content=\"https:\/\/bestprestamos.com\/blog\/proteccion-de-datos\/\" \/>\n<meta property=\"og:site_name\" content=\"Mejores Prestamos En Linea Mexico Blog\" \/>\n<meta name=\"twitter:card\" content=\"summary_large_image\" \/>\n<meta name=\"twitter:label1\" content=\"Est. reading time\" \/>\n\t<meta name=\"twitter:data1\" content=\"1 minute\" \/>\n<script type=\"application\/ld+json\" class=\"yoast-schema-graph\">{\"@context\":\"https:\/\/schema.org\",\"@graph\":[{\"@type\":\"WebPage\",\"@id\":\"https:\/\/bestprestamos.com\/blog\/proteccion-de-datos\/\",\"url\":\"https:\/\/bestprestamos.com\/blog\/proteccion-de-datos\/\",\"name\":\"Protecci\u00f3n de datos - Mejores Prestamos En Linea Mexico Blog\",\"isPartOf\":{\"@id\":\"https:\/\/bestprestamos.com\/blog\/#website\"},\"primaryImageOfPage\":{\"@id\":\"https:\/\/bestprestamos.com\/blog\/proteccion-de-datos\/#primaryimage\"},\"image\":{\"@id\":\"https:\/\/bestprestamos.com\/blog\/proteccion-de-datos\/#primaryimage\"},\"thumbnailUrl\":\"https:\/\/bestprestamos.com\/blog\/wp-content\/uploads\/2025\/06\/bestprestamos.jpg\",\"datePublished\":\"2025-06-11T22:04:21+00:00\",\"breadcrumb\":{\"@id\":\"https:\/\/bestprestamos.com\/blog\/proteccion-de-datos\/#breadcrumb\"},\"inLanguage\":\"en-US\",\"potentialAction\":[{\"@type\":\"ReadAction\",\"target\":[\"https:\/\/bestprestamos.com\/blog\/proteccion-de-datos\/\"]}]},{\"@type\":\"ImageObject\",\"inLanguage\":\"en-US\",\"@id\":\"https:\/\/bestprestamos.com\/blog\/proteccion-de-datos\/#primaryimage\",\"url\":\"https:\/\/bestprestamos.com\/blog\/wp-content\/uploads\/2025\/06\/bestprestamos.jpg\",\"contentUrl\":\"https:\/\/bestprestamos.com\/blog\/wp-content\/uploads\/2025\/06\/bestprestamos.jpg\",\"width\":1920,\"height\":1180},{\"@type\":\"BreadcrumbList\",\"@id\":\"https:\/\/bestprestamos.com\/blog\/proteccion-de-datos\/#breadcrumb\",\"itemListElement\":[{\"@type\":\"ListItem\",\"position\":1,\"name\":\"Home\",\"item\":\"https:\/\/bestprestamos.com\/blog\/\"},{\"@type\":\"ListItem\",\"position\":2,\"name\":\"Protecci\u00f3n de datos\"}]},{\"@type\":\"WebSite\",\"@id\":\"https:\/\/bestprestamos.com\/blog\/#website\",\"url\":\"https:\/\/bestprestamos.com\/blog\/\",\"name\":\"Mejores Prestamos En Linea Mexico Blog\",\"description\":\"\",\"publisher\":{\"@id\":\"https:\/\/bestprestamos.com\/blog\/#organization\"},\"potentialAction\":[{\"@type\":\"SearchAction\",\"target\":{\"@type\":\"EntryPoint\",\"urlTemplate\":\"https:\/\/bestprestamos.com\/blog\/?s={search_term_string}\"},\"query-input\":{\"@type\":\"PropertyValueSpecification\",\"valueRequired\":true,\"valueName\":\"search_term_string\"}}],\"inLanguage\":\"en-US\"},{\"@type\":[\"Organization\",\"Place\"],\"@id\":\"https:\/\/bestprestamos.com\/blog\/#organization\",\"name\":\"Best Pr\u00e9stamos\",\"url\":\"https:\/\/bestprestamos.com\/blog\/\",\"logo\":{\"@id\":\"https:\/\/bestprestamos.com\/blog\/proteccion-de-datos\/#local-main-organization-logo\"},\"image\":{\"@id\":\"https:\/\/bestprestamos.com\/blog\/proteccion-de-datos\/#local-main-organization-logo\"},\"openingHoursSpecification\":[{\"@type\":\"OpeningHoursSpecification\",\"dayOfWeek\":[\"Monday\",\"Tuesday\",\"Wednesday\",\"Thursday\",\"Friday\",\"Saturday\",\"Sunday\"],\"opens\":\"09:00\",\"closes\":\"17:00\"}]},{\"@type\":\"ImageObject\",\"inLanguage\":\"en-US\",\"@id\":\"https:\/\/bestprestamos.com\/blog\/proteccion-de-datos\/#local-main-organization-logo\",\"url\":\"https:\/\/bestprestamos.com\/blog\/wp-content\/uploads\/2022\/06\/logo-bestprestamos.jpg\",\"contentUrl\":\"https:\/\/bestprestamos.com\/blog\/wp-content\/uploads\/2022\/06\/logo-bestprestamos.jpg\",\"width\":900,\"height\":800,\"caption\":\"Best Pr\u00e9stamos\"}]}<\/script>\n<!-- \/ Yoast SEO Premium plugin. -->","yoast_head_json":{"title":"Protecci\u00f3n de datos - Mejores Prestamos En Linea Mexico Blog","robots":{"index":"index","follow":"follow","max-snippet":"max-snippet:-1","max-image-preview":"max-image-preview:large","max-video-preview":"max-video-preview:-1"},"canonical":"https:\/\/bestprestamos.com\/blog\/proteccion-de-datos\/","og_locale":"en_US","og_type":"article","og_title":"Protecci\u00f3n de datos - Mejores Prestamos En Linea Mexico Blog","og_description":"El sitio\u00a0bestprestamos.com (en lo sucesivo, &#8220;el Sitio&#8221;). El visitante es la persona f\u00edsica que visita el Sitio (bestprestamos.com) en Internet. Tanto su confidencialidad como su...","og_url":"https:\/\/bestprestamos.com\/blog\/proteccion-de-datos\/","og_site_name":"Mejores Prestamos En Linea Mexico Blog","twitter_card":"summary_large_image","twitter_misc":{"Est. reading time":"1 minute"},"schema":{"@context":"https:\/\/schema.org","@graph":[{"@type":"WebPage","@id":"https:\/\/bestprestamos.com\/blog\/proteccion-de-datos\/","url":"https:\/\/bestprestamos.com\/blog\/proteccion-de-datos\/","name":"Protecci\u00f3n de datos - Mejores Prestamos En Linea Mexico Blog","isPartOf":{"@id":"https:\/\/bestprestamos.com\/blog\/#website"},"primaryImageOfPage":{"@id":"https:\/\/bestprestamos.com\/blog\/proteccion-de-datos\/#primaryimage"},"image":{"@id":"https:\/\/bestprestamos.com\/blog\/proteccion-de-datos\/#primaryimage"},"thumbnailUrl":"https:\/\/bestprestamos.com\/blog\/wp-content\/uploads\/2025\/06\/bestprestamos.jpg","datePublished":"2025-06-11T22:04:21+00:00","breadcrumb":{"@id":"https:\/\/bestprestamos.com\/blog\/proteccion-de-datos\/#breadcrumb"},"inLanguage":"en-US","potentialAction":[{"@type":"ReadAction","target":["https:\/\/bestprestamos.com\/blog\/proteccion-de-datos\/"]}]},{"@type":"ImageObject","inLanguage":"en-US","@id":"https:\/\/bestprestamos.com\/blog\/proteccion-de-datos\/#primaryimage","url":"https:\/\/bestprestamos.com\/blog\/wp-content\/uploads\/2025\/06\/bestprestamos.jpg","contentUrl":"https:\/\/bestprestamos.com\/blog\/wp-content\/uploads\/2025\/06\/bestprestamos.jpg","width":1920,"height":1180},{"@type":"BreadcrumbList","@id":"https:\/\/bestprestamos.com\/blog\/proteccion-de-datos\/#breadcrumb","itemListElement":[{"@type":"ListItem","position":1,"name":"Home","item":"https:\/\/bestprestamos.com\/blog\/"},{"@type":"ListItem","position":2,"name":"Protecci\u00f3n de datos"}]},{"@type":"WebSite","@id":"https:\/\/bestprestamos.com\/blog\/#website","url":"https:\/\/bestprestamos.com\/blog\/","name":"Mejores Prestamos En Linea Mexico Blog","description":"","publisher":{"@id":"https:\/\/bestprestamos.com\/blog\/#organization"},"potentialAction":[{"@type":"SearchAction","target":{"@type":"EntryPoint","urlTemplate":"https:\/\/bestprestamos.com\/blog\/?s={search_term_string}"},"query-input":{"@type":"PropertyValueSpecification","valueRequired":true,"valueName":"search_term_string"}}],"inLanguage":"en-US"},{"@type":["Organization","Place"],"@id":"https:\/\/bestprestamos.com\/blog\/#organization","name":"Best Pr\u00e9stamos","url":"https:\/\/bestprestamos.com\/blog\/","logo":{"@id":"https:\/\/bestprestamos.com\/blog\/proteccion-de-datos\/#local-main-organization-logo"},"image":{"@id":"https:\/\/bestprestamos.com\/blog\/proteccion-de-datos\/#local-main-organization-logo"},"openingHoursSpecification":[{"@type":"OpeningHoursSpecification","dayOfWeek":["Monday","Tuesday","Wednesday","Thursday","Friday","Saturday","Sunday"],"opens":"09:00","closes":"17:00"}]},{"@type":"ImageObject","inLanguage":"en-US","@id":"https:\/\/bestprestamos.com\/blog\/proteccion-de-datos\/#local-main-organization-logo","url":"https:\/\/bestprestamos.com\/blog\/wp-content\/uploads\/2022\/06\/logo-bestprestamos.jpg","contentUrl":"https:\/\/bestprestamos.com\/blog\/wp-content\/uploads\/2022\/06\/logo-bestprestamos.jpg","width":900,"height":800,"caption":"Best Pr\u00e9stamos"}]}},"_links":{"self":[{"href":"https:\/\/bestprestamos.com\/blog\/wp-json\/wp\/v2\/pages\/6115","targetHints":{"allow":["GET"]}}],"collection":[{"href":"https:\/\/bestprestamos.com\/blog\/wp-json\/wp\/v2\/pages"}],"about":[{"href":"https:\/\/bestprestamos.com\/blog\/wp-json\/wp\/v2\/types\/page"}],"author":[{"embeddable":true,"href":"https:\/\/bestprestamos.com\/blog\/wp-json\/wp\/v2\/users\/1"}],"replies":[{"embeddable":true,"href":"https:\/\/bestprestamos.com\/blog\/wp-json\/wp\/v2\/comments?post=6115"}],"version-history":[{"count":1,"href":"https:\/\/bestprestamos.com\/blog\/wp-json\/wp\/v2\/pages\/6115\/revisions"}],"predecessor-version":[{"id":6116,"href":"https:\/\/bestprestamos.com\/blog\/wp-json\/wp\/v2\/pages\/6115\/revisions\/6116"}],"wp:featuredmedia":[{"embeddable":true,"href":"https:\/\/bestprestamos.com\/blog\/wp-json\/wp\/v2\/media\/6240"}],"wp:attachment":[{"href":"https:\/\/bestprestamos.com\/blog\/wp-json\/wp\/v2\/media?parent=6115"}],"curies":[{"name":"wp","href":"https:\/\/api.w.org\/{rel}","templated":true}]}}